{"id":2830,"date":"2021-06-24T08:48:36","date_gmt":"2021-06-24T08:48:36","guid":{"rendered":"https:\/\/gtjai.com.vn\/bieu-phi-dich-vu\/"},"modified":"2025-11-06T16:22:20","modified_gmt":"2025-11-06T09:22:20","slug":"bieu-phi-dich-vu","status":"publish","type":"page","link":"https:\/\/gtjai.com.vn\/en\/bieu-phi-dich-vu\/","title":{"rendered":"Bi\u1ec3u ph\u00ed D\u1ecbch v\u1ee5"},"content":{"rendered":"","protected":false},"excerpt":{"rendered":"","protected":false},"author":1,"featured_media":0,"parent":0,"menu_order":0,"comment_status":"closed","ping_status":"closed","template":"templates\/tariffs.php","meta":{"footnotes":""},"class_list":["post-2830","page","type-page","status-publish","hentry"],"yoast_head":"<title>Bi\u1ec3u ph\u00ed D\u1ecbch v\u1ee5 - GTJA Guotai Junan Vi\u1ec7t Nam<\/title>\n<meta name=\"description\" content=\"Guotai Junan Vi\u1ec7t Nam th\u00f4ng b\u00e1o bi\u1ec3u ph\u00ed giao d\u1ecbch t\u1ea1i qu\u1ea7y ho\u1eb7c tr\u1ef1c tuy\u1ebfn t\u1edbi Qu\u00fd Nh\u00e0 \u0111\u1ea7u t\u01b0\" \/>\n<meta name=\"robots\" content=\"index, follow, max-snippet:-1, max-image-preview:large, max-video-preview:-1\" \/>\n<link rel=\"canonical\" href=\"https:\/\/gtjai.com.vn\/en\/bieu-phi-dich-vu\/\" \/>\n<meta property=\"og:locale\" content=\"en_US\" \/>\n<meta property=\"og:type\" content=\"article\" \/>\n<meta property=\"og:title\" content=\"Bi\u1ec3u ph\u00ed D\u1ecbch v\u1ee5 - GTJA Guotai Junan Vi\u1ec7t Nam\" \/>\n<meta property=\"og:description\" content=\"Guotai Junan Vi\u1ec7t Nam th\u00f4ng b\u00e1o bi\u1ec3u ph\u00ed giao d\u1ecbch t\u1ea1i qu\u1ea7y ho\u1eb7c tr\u1ef1c tuy\u1ebfn t\u1edbi Qu\u00fd Nh\u00e0 \u0111\u1ea7u t\u01b0\" \/>\n<meta property=\"og:url\" content=\"https:\/\/gtjai.com.vn\/en\/bieu-phi-dich-vu\/\" \/>\n<meta property=\"og:site_name\" content=\"GTJA\" \/>\n<meta property=\"article:modified_time\" content=\"2025-11-06T09:22:20+00:00\" \/>\n<meta name=\"twitter:card\" content=\"summary_large_image\" \/>\n<script type=\"application\/ld+json\" class=\"yoast-schema-graph\">{\"@context\":\"https:\/\/schema.org\",\"@graph\":[{\"@type\":\"WebSite\",\"@id\":\"https:\/\/gtjai.com.vn\/#website\",\"url\":\"https:\/\/gtjai.com.vn\/\",\"name\":\"GTJA\",\"description\":\"\",\"potentialAction\":[{\"@type\":\"SearchAction\",\"target\":{\"@type\":\"EntryPoint\",\"urlTemplate\":\"https:\/\/gtjai.com.vn\/?s={search_term_string}\"},\"query-input\":\"required name=search_term_string\"}],\"inLanguage\":\"en-US\"},{\"@type\":\"WebPage\",\"@id\":\"https:\/\/gtjai.com.vn\/en\/bieu-phi-dich-vu\/#webpage\",\"url\":\"https:\/\/gtjai.com.vn\/en\/bieu-phi-dich-vu\/\",\"name\":\"Bi\\u1ec3u ph\\u00ed D\\u1ecbch v\\u1ee5 - GTJA Guotai Junan Vi\\u1ec7t Nam\",\"isPartOf\":{\"@id\":\"https:\/\/gtjai.com.vn\/#website\"},\"datePublished\":\"2021-06-24T08:48:36+00:00\",\"dateModified\":\"2025-11-06T09:22:20+00:00\",\"description\":\"Guotai Junan Vi\\u1ec7t Nam th\\u00f4ng b\\u00e1o bi\\u1ec3u ph\\u00ed giao d\\u1ecbch t\\u1ea1i qu\\u1ea7y ho\\u1eb7c tr\\u1ef1c tuy\\u1ebfn t\\u1edbi Qu\\u00fd Nh\\u00e0 \\u0111\\u1ea7u t\\u01b0\",\"breadcrumb\":{\"@id\":\"https:\/\/gtjai.com.vn\/en\/bieu-phi-dich-vu\/#breadcrumb\"},\"inLanguage\":\"en-US\",\"potentialAction\":[{\"@type\":\"ReadAction\",\"target\":[\"https:\/\/gtjai.com.vn\/en\/bieu-phi-dich-vu\/\"]}]},{\"@type\":\"BreadcrumbList\",\"@id\":\"https:\/\/gtjai.com.vn\/en\/bieu-phi-dich-vu\/#breadcrumb\",\"itemListElement\":[{\"@type\":\"ListItem\",\"position\":1,\"name\":\"Home\",\"item\":\"https:\/\/gtjai.com.vn\/en\/\"},{\"@type\":\"ListItem\",\"position\":2,\"name\":\"Bi\\u1ec3u ph\\u00ed D\\u1ecbch v\\u1ee5\"}]}]}<\/script>","yoast_head_json":{"title":"Bi\u1ec3u ph\u00ed D\u1ecbch v\u1ee5 - GTJA Guotai Junan Vi\u1ec7t Nam","description":"Guotai Junan Vi\u1ec7t Nam th\u00f4ng b\u00e1o bi\u1ec3u ph\u00ed giao d\u1ecbch t\u1ea1i qu\u1ea7y ho\u1eb7c tr\u1ef1c tuy\u1ebfn t\u1edbi Qu\u00fd Nh\u00e0 \u0111\u1ea7u t\u01b0","robots":{"index":"index","follow":"follow","max-snippet":"max-snippet:-1","max-image-preview":"max-image-preview:large","max-video-preview":"max-video-preview:-1"},"canonical":"https:\/\/gtjai.com.vn\/en\/bieu-phi-dich-vu\/","og_locale":"en_US","og_type":"article","og_title":"Bi\u1ec3u ph\u00ed D\u1ecbch v\u1ee5 - GTJA Guotai Junan Vi\u1ec7t Nam","og_description":"Guotai Junan Vi\u1ec7t Nam th\u00f4ng b\u00e1o bi\u1ec3u ph\u00ed giao d\u1ecbch t\u1ea1i qu\u1ea7y ho\u1eb7c tr\u1ef1c tuy\u1ebfn t\u1edbi Qu\u00fd Nh\u00e0 \u0111\u1ea7u t\u01b0","og_url":"https:\/\/gtjai.com.vn\/en\/bieu-phi-dich-vu\/","og_site_name":"GTJA","article_modified_time":"2025-11-06T09:22:20+00:00","twitter_card":"summary_large_image","schema":{"@context":"https:\/\/schema.org","@graph":[{"@type":"WebSite","@id":"https:\/\/gtjai.com.vn\/#website","url":"https:\/\/gtjai.com.vn\/","name":"GTJA","description":"","potentialAction":[{"@type":"SearchAction","target":{"@type":"EntryPoint","urlTemplate":"https:\/\/gtjai.com.vn\/?s={search_term_string}"},"query-input":"required name=search_term_string"}],"inLanguage":"en-US"},{"@type":"WebPage","@id":"https:\/\/gtjai.com.vn\/en\/bieu-phi-dich-vu\/#webpage","url":"https:\/\/gtjai.com.vn\/en\/bieu-phi-dich-vu\/","name":"Bi\u1ec3u ph\u00ed D\u1ecbch v\u1ee5 - GTJA Guotai Junan Vi\u1ec7t Nam","isPartOf":{"@id":"https:\/\/gtjai.com.vn\/#website"},"datePublished":"2021-06-24T08:48:36+00:00","dateModified":"2025-11-06T09:22:20+00:00","description":"Guotai Junan Vi\u1ec7t Nam th\u00f4ng b\u00e1o bi\u1ec3u ph\u00ed giao d\u1ecbch t\u1ea1i qu\u1ea7y ho\u1eb7c tr\u1ef1c tuy\u1ebfn t\u1edbi Qu\u00fd Nh\u00e0 \u0111\u1ea7u t\u01b0","breadcrumb":{"@id":"https:\/\/gtjai.com.vn\/en\/bieu-phi-dich-vu\/#breadcrumb"},"inLanguage":"en-US","potentialAction":[{"@type":"ReadAction","target":["https:\/\/gtjai.com.vn\/en\/bieu-phi-dich-vu\/"]}]},{"@type":"BreadcrumbList","@id":"https:\/\/gtjai.com.vn\/en\/bieu-phi-dich-vu\/#breadcrumb","itemListElement":[{"@type":"ListItem","position":1,"name":"Home","item":"https:\/\/gtjai.com.vn\/en\/"},{"@type":"ListItem","position":2,"name":"Bi\u1ec3u ph\u00ed D\u1ecbch v\u1ee5"}]}]}},"_links":{"self":[{"href":"https:\/\/gtjai.com.vn\/en\/wp-json\/wp\/v2\/pages\/2830\/"}],"collection":[{"href":"https:\/\/gtjai.com.vn\/en\/wp-json\/wp\/v2\/pages\/"}],"about":[{"href":"https:\/\/gtjai.com.vn\/en\/wp-json\/wp\/v2\/types\/page\/"}],"author":[{"embeddable":true,"href":"https:\/\/gtjai.com.vn\/en\/wp-json\/wp\/v2\/users\/1\/"}],"replies":[{"embeddable":true,"href":"https:\/\/gtjai.com.vn\/en\/wp-json\/wp\/v2\/comments\/?post=2830"}],"version-history":[{"count":21,"href":"https:\/\/gtjai.com.vn\/en\/wp-json\/wp\/v2\/pages\/2830\/revisions\/"}],"predecessor-version":[{"id":33886,"href":"https:\/\/gtjai.com.vn\/en\/wp-json\/wp\/v2\/pages\/2830\/revisions\/33886\/"}],"wp:attachment":[{"href":"https:\/\/gtjai.com.vn\/en\/wp-json\/wp\/v2\/media\/?parent=2830"}],"curies":[{"name":"wp","href":"https:\/\/api.w.org\/{rel}","templated":true}]}}